{"id":198,"date":"2025-07-07T16:32:14","date_gmt":"2025-07-07T16:32:14","guid":{"rendered":"https:\/\/asixo.es\/?page_id=198"},"modified":"2025-07-15T15:49:38","modified_gmt":"2025-07-15T15:49:38","slug":"o-grupo","status":"publish","type":"page","link":"https:\/\/asixo.es\/?page_id=198","title":{"rendered":"O Grupo"},"content":{"rendered":"\n<p>O nome, ASIXO. V\u00e9n dunha derivaci\u00f3n fon\u00e9tia de \u00abAXEXO\u00bb, que ten referencia \u00e1 accion de <a href=\"https:\/\/academia.gal\/dicionario\/-\/termo\/axexar\" data-type=\"link\" data-id=\"https:\/\/academia.gal\/dicionario\/-\/termo\/axexar\">AXEXAR<\/a>, ou <a href=\"https:\/\/academia.gal\/dicionario\/-\/termo\/asexar\">ASEXAR<\/a>. Ser\u00eda, nunha traducci\u00f3n ao castel\u00e1n, como \u00abACECHO\u00bb.<\/p>\n\n\n\n<p>Actualmente permanecemos dous dos integrantes orixin\u00e1is do grupo, que xa nos anos 70s andabamos nesto&#8230; <\/p>\n\n\n\n<div class=\"wp-block-media-text is-stacked-on-mobile\"><figure class=\"wp-block-media-text__media\"><img loading=\"lazy\" decoding=\"async\" width=\"296\" height=\"300\" src=\"https:\/\/asixo.es\/wp-content\/uploads\/2025\/07\/IMG_20250707_171327-296x300.jpg\" alt=\"\" class=\"wp-image-200 size-medium\" srcset=\"https:\/\/asixo.es\/wp-content\/uploads\/2025\/07\/IMG_20250707_171327-296x300.jpg 296w, https:\/\/asixo.es\/wp-content\/uploads\/2025\/07\/IMG_20250707_171327-1012x1024.jpg 1012w, https:\/\/asixo.es\/wp-content\/uploads\/2025\/07\/IMG_20250707_171327-768x777.jpg 768w, https:\/\/asixo.es\/wp-content\/uploads\/2025\/07\/IMG_20250707_171327.jpg 1393w\" sizes=\"auto, (max-width: 296px) 100vw, 296px\" \/><\/figure><div class=\"wp-block-media-text__content\">\n<p>Un recorte de prensa da primeira actuaci\u00f3n, 1979. <\/p>\n\n\n\n<p>Xa choveu&#8230; e seguimos!!<\/p>\n\n\n\n<p>\u00abO Rocanrol \u00e9 o que ten\u00bb <\/p>\n<\/div><\/div>\n\n\n\n<div class=\"wp-block-media-text is-stacked-on-mobile\"><figure class=\"wp-block-media-text__media\"><img loading=\"lazy\" decoding=\"async\" width=\"226\" height=\"300\" src=\"https:\/\/asixo.es\/wp-content\/uploads\/2025\/07\/1676229190088_1-226x300.jpg\" alt=\"\" class=\"wp-image-209 size-medium\" srcset=\"https:\/\/asixo.es\/wp-content\/uploads\/2025\/07\/1676229190088_1-226x300.jpg 226w, https:\/\/asixo.es\/wp-content\/uploads\/2025\/07\/1676229190088_1-773x1024.jpg 773w, https:\/\/asixo.es\/wp-content\/uploads\/2025\/07\/1676229190088_1-768x1018.jpg 768w, https:\/\/asixo.es\/wp-content\/uploads\/2025\/07\/1676229190088_1.jpg 1080w\" sizes=\"auto, (max-width: 226px) 100vw, 226px\" \/><\/figure><div class=\"wp-block-media-text__content\">\n<p>En 2022 retomamos a actividade, con Irene Fern\u00e1ndez na voz, e Igor Sueiro na bater\u00eda.<\/p>\n<\/div><\/div>\n\n\n\n<div class=\"wp-block-media-text is-stacked-on-mobile\"><figure class=\"wp-block-media-text__media\"><img loading=\"lazy\" decoding=\"async\" width=\"300\" height=\"169\" src=\"https:\/\/asixo.es\/wp-content\/uploads\/2025\/07\/IMG-20250410-WA0001_1-300x169.jpg\" alt=\"\" class=\"wp-image-213 size-medium\" srcset=\"https:\/\/asixo.es\/wp-content\/uploads\/2025\/07\/IMG-20250410-WA0001_1-300x169.jpg 300w, https:\/\/asixo.es\/wp-content\/uploads\/2025\/07\/IMG-20250410-WA0001_1-1024x576.jpg 1024w, https:\/\/asixo.es\/wp-content\/uploads\/2025\/07\/IMG-20250410-WA0001_1-768x432.jpg 768w, https:\/\/asixo.es\/wp-content\/uploads\/2025\/07\/IMG-20250410-WA0001_1-1536x864.jpg 1536w, https:\/\/asixo.es\/wp-content\/uploads\/2025\/07\/IMG-20250410-WA0001_1-2048x1152.jpg 2048w\" sizes=\"auto, (max-width: 300px) 100vw, 300px\" \/><\/figure><div class=\"wp-block-media-text__content\">\n<p>Na actualidade, con MIguel Valverde na voz e teclados, Jacobo na Bater\u00eda, Saulo no baixo, e Trotis na guitarra.<\/p>\n<\/div><\/div>\n","protected":false},"excerpt":{"rendered":"<p>O nome, ASIXO. V\u00e9n dunha derivaci\u00f3n fon\u00e9tia de \u00abAXEXO\u00bb, que ten referencia \u00e1 accion de AXEXAR, ou ASEXAR. Ser\u00eda, nunha traducci\u00f3n ao castel\u00e1n, como \u00abACECHO\u00bb. Actualmente permanecemos dous dos integrantes orixin\u00e1is do grupo, que xa nos anos 70s andabamos nesto&#8230; Un recorte de prensa da primeira actuaci\u00f3n, 1979. Xa choveu&#8230; e seguimos!! \u00abO Rocanrol \u00e9 [&hellip;]<\/p>\n","protected":false},"author":2,"featured_media":0,"parent":0,"menu_order":0,"comment_status":"closed","ping_status":"closed","template":"","meta":{"footnotes":""},"class_list":["post-198","page","type-page","status-publish","hentry"],"_links":{"self":[{"href":"https:\/\/asixo.es\/index.php?rest_route=\/wp\/v2\/pages\/198","targetHints":{"allow":["GET"]}}],"collection":[{"href":"https:\/\/asixo.es\/index.php?rest_route=\/wp\/v2\/pages"}],"about":[{"href":"https:\/\/asixo.es\/index.php?rest_route=\/wp\/v2\/types\/page"}],"author":[{"embeddable":true,"href":"https:\/\/asixo.es\/index.php?rest_route=\/wp\/v2\/users\/2"}],"replies":[{"embeddable":true,"href":"https:\/\/asixo.es\/index.php?rest_route=%2Fwp%2Fv2%2Fcomments&post=198"}],"version-history":[{"count":18,"href":"https:\/\/asixo.es\/index.php?rest_route=\/wp\/v2\/pages\/198\/revisions"}],"predecessor-version":[{"id":276,"href":"https:\/\/asixo.es\/index.php?rest_route=\/wp\/v2\/pages\/198\/revisions\/276"}],"wp:attachment":[{"href":"https:\/\/asixo.es\/index.php?rest_route=%2Fwp%2Fv2%2Fmedia&parent=198"}],"curies":[{"name":"wp","href":"https:\/\/api.w.org\/{rel}","templated":true}]}}